{"id":1842,"date":"2023-10-25T10:09:33","date_gmt":"2023-10-25T08:09:33","guid":{"rendered":"http:\/\/mateinsa.com\/?page_id=1842"},"modified":"2023-11-07T18:47:55","modified_gmt":"2023-11-07T17:47:55","slug":"elementor-1842","status":"publish","type":"page","link":"https:\/\/mateinsa.com\/en\/elementor-1842\/","title":{"rendered":"Pol\u00edtica de privacidad"},"content":{"rendered":"<div data-elementor-type=\"wp-page\" data-elementor-id=\"1842\" class=\"elementor elementor-1842\">\n\t\t\t\t\t\t<section class=\"elementor-section elementor-top-section elementor-element elementor-element-31610c5 elementor-section-full_width elementor-section-height-default elementor-section-height-default\" data-id=\"31610c5\" data-element_type=\"section\" data-e-type=\"section\">\n\t\t\t\t\t\t<div class=\"elementor-container elementor-column-gap-default\">\n\t\t\t\t\t<div class=\"elementor-column elementor-col-100 elementor-top-column elementor-element elementor-element-1e5291b\" data-id=\"1e5291b\" data-element_type=\"column\" data-e-type=\"column\">\n\t\t\t<div class=\"elementor-widget-wrap elementor-element-populated\">\n\t\t\t\t\t\t<div class=\"elementor-element elementor-element-527ef79 elementor-widget elementor-widget-heading\" data-id=\"527ef79\" data-element_type=\"widget\" data-e-type=\"widget\" data-widget_type=\"heading.default\">\n\t\t\t\t<div class=\"elementor-widget-container\">\n\t\t\t\t\t<h2 class=\"elementor-heading-title elementor-size-default\">Pol\u00edtica de privacidad<\/h2>\t\t\t\t<\/div>\n\t\t\t\t<\/div>\n\t\t\t\t<div class=\"elementor-element elementor-element-2bd0f10 elementor-widget elementor-widget-text-editor\" data-id=\"2bd0f10\" data-element_type=\"widget\" data-e-type=\"widget\" data-widget_type=\"text-editor.default\">\n\t\t\t\t<div class=\"elementor-widget-container\">\n\t\t\t\t\t\t\t\t\t<header class=\"entry-header ast-no-thumbnail ast-no-meta\"><h1 class=\"entry-title\"><span style=\"font-size: 16px;\">Mateinsa le informa sobre su Pol\u00edtica de Privacidad respecto del tratamiento y protecci\u00f3n de los datos de car\u00e1cter personal de los usuarios y clientes que puedan ser recabados por la navegaci\u00f3n o contrataci\u00f3n de servicios a trav\u00e9s del sitio Web www.dyn-o.es.<\/span><\/h1><\/header><div class=\"entry-content clear\"><p>En este sentido, Mateinsa garantiza el cumplimiento de la normativa vigente en materia de protecci\u00f3n de datos personales, reflejada en la Ley Org\u00e1nica Ley Org\u00e1nica 3\/2018, de 5 de diciembre, de Protecci\u00f3n de Datos Personales y garant\u00eda de los derechos digitales. Cumple tambi\u00e9n con el Reglamento (UE) 2016\/679 del Parlamento Europeo y del Consejo de 27 de abril de 2016 relativo a la protecci\u00f3n de las personas f\u00edsicas (RGPD).<\/p><p>El uso de sitio Web implica la aceptaci\u00f3n de esta Pol\u00edtica de Privacidad as\u00ed como las condiciones incluidas en el\u00a0<a href=\"https:\/\/www.dyn-o.es\/aviso-legal\" target=\"_blank\" rel=\"noopener\">Aviso Legal<\/a>.<\/p><h2 class=\"wp-block-heading\">Informaci\u00f3n b\u00e1sica sobre protecci\u00f3n de datos<\/h2><h3 class=\"wp-block-heading\">Responsable del tratamiento<\/h3><p>Titular: Mateinsa\u00a0<br \/>CIF: A41417734<br \/>Domicilio: Pol\u00edgono Industrial Calonge. C\/ Metalurgia 17, 41007 \u2013 Sevilla &#8211; Espa\u00f1a\u00a0Correo electr\u00f3nico: mateinsa@mateinsa.com\u00a0<br \/>Sitio Web: www.mateinsa.com<\/p><h3 class=\"wp-block-heading\">Finalidad<\/h3><p>Trataremos sus datos personales con la finalidad de gestionar la relaci\u00f3n comercial con nuestra organizaci\u00f3n y, en especial, los aspectos contractuales y el env\u00edo de comunicaciones comerciales sobre nuestros servicios.<\/p><p>Mateinsa tratar\u00e1 la informaci\u00f3n de manera confidencial y exclusivamente para los fines determinados, expl\u00edcitos y leg\u00edtimos. Y no ser\u00e1n tratados ulteriormente de manera incompatible con dichos fines.<\/p><h3 class=\"wp-block-heading\">Legitimaci\u00f3n<\/h3><p>La base jur\u00eddica que legitima el tratamiento de sus datos personales para la ejecuci\u00f3n de un contrato comercial o para la aplicaci\u00f3n de medidas precontractuales a petici\u00f3n del interesado es el inter\u00e9s m\u00fatuo.<\/p><p>Cuando se contacte v\u00eda web, la base jur\u00eddica que legitima el tratamiento de sus datos personales es el consentimiento informado, expreso, libre e inequ\u00edvoco que nos facilita cuando marca la casilla \u00abAcepto el Aviso Legal y la Pol\u00edtica de Privacidad\u00bb y el posterior env\u00edo del formulario donde verifica el consentimiento.<\/p><p>Los datos que le solicitamos en los formularios de contacto son adecuados, pertinentes y estrictamente necesarios y en ning\u00fan caso est\u00e1 obligado a facilit\u00e1rnoslos.<\/p><h3 class=\"wp-block-heading\">Conservaci\u00f3n de datos<\/h3><p>Los datos personales proporcionados se conservar\u00e1n durante el tiempo necesario para cumplir con la finalidad para la que se recaban y para determinar las posibles responsabilidades que se pudieran derivar de la finalidad, adem\u00e1s de los per\u00edodos establecidos en la normativa de archivos y documentaci\u00f3n.<\/p><h3 class=\"wp-block-heading\">Comunicaci\u00f3n de datos<\/h3><p>Con car\u00e1cter general no se comunicar\u00e1n los datos personales a terceros, salvo obligaci\u00f3n legal.<\/p><h3 class=\"wp-block-heading\">Derechos de los interesados<\/h3><p>Cualquier persona tiene derecho a obtener confirmaci\u00f3n sobre los tratamientos que de sus datos que se llevan a cabo por Mateinsa.\u00a0<\/p><p>Puede ejercer sus derechos de acceso, rectificaci\u00f3n, supresi\u00f3n y portabilidad de sus datos, de limitaci\u00f3n y oposici\u00f3n a su tratamiento, as\u00ed como a no ser objeto de decisiones basadas \u00fanicamente en el tratamiento automatizado de sus datos, cuando procedan, dirigiendo una comunicaci\u00f3n por escrito al domicilio social, indicando la referencia \u00abPROTECCION DE DATOS\u00bb o al correo electr\u00f3nico habilitado a tal efecto (mateinsa@mateinsa.com), incluyendo en ambos casos fotocopia de su DNI u otro documento de identificaci\u00f3n equivalente e indicando su nombre y apellidos, petici\u00f3n en que se concreta la solicitud, direcci\u00f3n a efectos de notificaciones, fecha y firma.<\/p><p>Tambi\u00e9n podr\u00e1 ejercitar sus derechos a trav\u00e9s de representaci\u00f3n legal, en cuyo caso, adem\u00e1s del DNI del interesado o equivalente, habr\u00e1 de aportarse DNI y documento acreditativo aut\u00e9ntico de la representaci\u00f3n del tercero.<\/p><p>Si no obtiene respuesta satisfactoria y desea formular una reclamaci\u00f3n u obtener m\u00e1s informaci\u00f3n al respecto de cualquiera de estos derechos, puede dirigirse a la Agencia Espa\u00f1ola de Protecci\u00f3n de Datos (<a href=\"http:\/\/www.agpd.es\/\" target=\"_blank\" rel=\"noopener\">www.agpd.es<\/a>).<\/p><\/div>\t\t\t\t\t\t\t\t<\/div>\n\t\t\t\t<\/div>\n\t\t\t\t\t<\/div>\n\t\t<\/div>\n\t\t\t\t\t<\/div>\n\t\t<\/section>\n\t\t\t\t<\/div>","protected":false},"excerpt":{"rendered":"<p>Pol\u00edtica de privacidad Mateinsa le informa sobre su Pol\u00edtica de Privacidad respecto del tratamiento y protecci\u00f3n de los datos de car\u00e1cter personal de los usuarios y clientes que puedan ser recabados por la navegaci\u00f3n o contrataci\u00f3n de servicios a trav\u00e9s del sitio Web www.dyn-o.es. En este sentido, Mateinsa garantiza el cumplimiento de la normativa vigente [&hellip;]<\/p>\n","protected":false},"author":1,"featured_media":0,"parent":0,"menu_order":0,"comment_status":"closed","ping_status":"closed","template":"elementor_header_footer","meta":{"footnotes":""},"class_list":["post-1842","page","type-page","status-publish","hentry","post"],"_links":{"self":[{"href":"https:\/\/mateinsa.com\/en\/wp-json\/wp\/v2\/pages\/1842","targetHints":{"allow":["GET"]}}],"collection":[{"href":"https:\/\/mateinsa.com\/en\/wp-json\/wp\/v2\/pages"}],"about":[{"href":"https:\/\/mateinsa.com\/en\/wp-json\/wp\/v2\/types\/page"}],"author":[{"embeddable":true,"href":"https:\/\/mateinsa.com\/en\/wp-json\/wp\/v2\/users\/1"}],"replies":[{"embeddable":true,"href":"https:\/\/mateinsa.com\/en\/wp-json\/wp\/v2\/comments?post=1842"}],"version-history":[{"count":9,"href":"https:\/\/mateinsa.com\/en\/wp-json\/wp\/v2\/pages\/1842\/revisions"}],"predecessor-version":[{"id":2180,"href":"https:\/\/mateinsa.com\/en\/wp-json\/wp\/v2\/pages\/1842\/revisions\/2180"}],"wp:attachment":[{"href":"https:\/\/mateinsa.com\/en\/wp-json\/wp\/v2\/media?parent=1842"}],"curies":[{"name":"wp","href":"https:\/\/api.w.org\/{rel}","templated":true}]}}