{"id":19,"date":"2023-07-14T09:07:57","date_gmt":"2023-07-14T07:07:57","guid":{"rendered":"http:\/\/mateinsa.com\/?page_id=19"},"modified":"2024-02-15T12:35:49","modified_gmt":"2024-02-15T11:35:49","slug":"historia-mateinsa","status":"publish","type":"page","link":"https:\/\/mateinsa.com\/en\/historia-mateinsa\/","title":{"rendered":"Historia"},"content":{"rendered":"<div data-elementor-type=\"wp-page\" data-elementor-id=\"19\" class=\"elementor elementor-19\">\n\t\t\t\t\t\t<section class=\"elementor-section elementor-top-section elementor-element elementor-element-2b94433 elementor-hidden-tablet elementor-hidden-mobile elementor-section-boxed elementor-section-height-default elementor-section-height-default\" data-id=\"2b94433\" data-element_type=\"section\" data-e-type=\"section\" data-settings=\"{&quot;background_background&quot;:&quot;classic&quot;}\">\n\t\t\t\t\t\t<div class=\"elementor-container elementor-column-gap-default\">\n\t\t\t\t\t<div class=\"elementor-column elementor-col-100 elementor-top-column elementor-element elementor-element-7526603\" data-id=\"7526603\" data-element_type=\"column\" data-e-type=\"column\">\n\t\t\t<div class=\"elementor-widget-wrap elementor-element-populated\">\n\t\t\t\t\t\t<div class=\"elementor-element elementor-element-6aa3a9e elementor-widget elementor-widget-heading\" data-id=\"6aa3a9e\" data-element_type=\"widget\" data-e-type=\"widget\" data-settings=\"{&quot;_animation&quot;:&quot;none&quot;}\" data-widget_type=\"heading.default\">\n\t\t\t\t<div class=\"elementor-widget-container\">\n\t\t\t\t\t<h1 class=\"elementor-heading-title elementor-size-default\">La historia de Mateinsa<\/h1>\t\t\t\t<\/div>\n\t\t\t\t<\/div>\n\t\t\t\t<div class=\"elementor-element elementor-element-ef718c2 elementor-widget elementor-widget-text-editor\" data-id=\"ef718c2\" data-element_type=\"widget\" data-e-type=\"widget\" data-widget_type=\"text-editor.default\">\n\t\t\t\t<div class=\"elementor-widget-container\">\n\t\t\t\t\t\t\t\t\t<p>Desde nuestro inicio en 1991, nuestra empresa ha sido una fuerza importante en el mundo de la automatizaci\u00f3n y la electr\u00f3nica industrial de Sevilla. A nuestras espaldas tenemos una historia de trabajo y constancia, marcada por la innovaci\u00f3n, la excelencia y el compromiso con nuestros clientes.<\/p>\n<p>Nuestra empresa se propuso desde el principio desafiar los l\u00edmites de lo posible y brindar soluciones pr\u00e1cticas y fiables a nuestros clientes. Por nuestra actividad, estamos en la vanguardia de las nuevas tecnolog\u00edas en procesos de automatizaci\u00f3n.&nbsp;<\/p>\n<p>A lo largo de los a\u00f1os, con nuestra experiencia y trabajando con grandes profesionales hemos conseguido ofrecer productos y soluciones que satisfacen plenamente los requerimientos de la industria actual . Nuestro compromiso con la calidad y la satisfacci\u00f3n del cliente ha sido el motor que impulsa nuestro crecimiento y nos ha permitido establecer relaciones s\u00f3lidas y duraderas con nuestros clientes.<\/p>\n<p>Hoy en d\u00eda, nos enorgullece ser reconocidos ofrecemos una gran amplitud de marcas y productos que refleja nuestro compromiso continuo con la innovaci\u00f3n y la excelencia, y nuestra capacidad para adaptarnos a las necesidades cambiantes de la industria. Ya que tenemos claro el objetivo de Mateinsa de ser un punto de referencia en el sector y nos esforzamos en trabajar por ello y desarrollar nuestra actividad dentro de los m\u00e1ximos niveles de calidad.&nbsp;<\/p><p>Este esfuerzo se ve reconocido desde el 11 de Agosto del 2000 por la Certificaci\u00f3n del Sistema de Aseguramiento de la Calidad UNE EN ISO 90002\/94 otrogado por Burea Veritas.&nbsp;<\/p>\n<p>M\u00e1s all\u00e1 de nuestras soluciones tecnol\u00f3gicas, nos enorgullece ser la empresa de confianza de clientes en una amplia gama de sectores industriales, ayud\u00e1ndolas a optimizar sus operaciones, aumentar su productividad y mantenerse competitivas en un mercado globalizado y en constante evoluci\u00f3n. Y queremos dejar constancia de nuestro agradecimiento por al confianza depositada en nosotros, la cual nos permite seguir ofreciendo nuestros servicios y cumplir nuestros objetivos.&nbsp;<\/p>\n<p>Mateinsa siempre tiene una proyecci\u00f3n de futuro y estamos comprometidos a seguir liderando el camino impulsando la innovaci\u00f3n, la sostenibilidad y el progreso en cada paso. Listos para enfrentar los desaf\u00edos del ma\u00f1ana y seguir construyendo un futuro m\u00e1s brillante para todos.<\/p>\n<p>Gracias por ser parte de nuestra historia.<\/p>\t\t\t\t\t\t\t\t<\/div>\n\t\t\t\t<\/div>\n\t\t\t\t<section class=\"elementor-section elementor-inner-section elementor-element elementor-element-7b6d263 elementor-section-boxed elementor-section-height-default elementor-section-height-default\" data-id=\"7b6d263\" data-element_type=\"section\" data-e-type=\"section\">\n\t\t\t\t\t\t<div class=\"elementor-container elementor-column-gap-default\">\n\t\t\t\t\t<div class=\"elementor-column elementor-col-33 elementor-inner-column elementor-element elementor-element-de7f89c\" data-id=\"de7f89c\" data-element_type=\"column\" data-e-type=\"column\">\n\t\t\t<div class=\"elementor-widget-wrap elementor-element-populated\">\n\t\t\t\t\t\t<div class=\"elementor-element elementor-element-9bc29a6 elementor-align-center elementor-widget elementor-widget-button\" data-id=\"9bc29a6\" data-element_type=\"widget\" data-e-type=\"widget\" data-widget_type=\"button.default\">\n\t\t\t\t<div class=\"elementor-widget-container\">\n\t\t\t\t\t\t\t\t\t<div class=\"elementor-button-wrapper\">\n\t\t\t\t\t<a class=\"elementor-button elementor-button-link elementor-size-sm elementor-animation-grow\" href=\"http:\/\/mateinsa.com\/en\/?page_id=25\">\n\t\t\t\t\t\t<span class=\"elementor-button-content-wrapper\">\n\t\t\t\t\t\t\t\t\t<span class=\"elementor-button-text\">CONOCE NUESTRAS MARCAS<\/span>\n\t\t\t\t\t<\/span>\n\t\t\t\t\t<\/a>\n\t\t\t\t<\/div>\n\t\t\t\t\t\t\t\t<\/div>\n\t\t\t\t<\/div>\n\t\t\t\t\t<\/div>\n\t\t<\/div>\n\t\t\t\t<div class=\"elementor-column elementor-col-33 elementor-inner-column elementor-element elementor-element-566ef69\" data-id=\"566ef69\" data-element_type=\"column\" data-e-type=\"column\">\n\t\t\t<div class=\"elementor-widget-wrap elementor-element-populated\">\n\t\t\t\t\t\t<div class=\"elementor-element elementor-element-3656ffb elementor-align-center elementor-widget elementor-widget-button\" data-id=\"3656ffb\" data-element_type=\"widget\" data-e-type=\"widget\" data-widget_type=\"button.default\">\n\t\t\t\t<div class=\"elementor-widget-container\">\n\t\t\t\t\t\t\t\t\t<div class=\"elementor-button-wrapper\">\n\t\t\t\t\t<a class=\"elementor-button elementor-button-link elementor-size-sm elementor-animation-grow\" href=\"http:\/\/mateinsa.com\/en\/?page_id=1859\">\n\t\t\t\t\t\t<span class=\"elementor-button-content-wrapper\">\n\t\t\t\t\t\t\t\t\t<span class=\"elementor-button-text\">FORMACI\u00d3N EN SERVOMOTORES<\/span>\n\t\t\t\t\t<\/span>\n\t\t\t\t\t<\/a>\n\t\t\t\t<\/div>\n\t\t\t\t\t\t\t\t<\/div>\n\t\t\t\t<\/div>\n\t\t\t\t\t<\/div>\n\t\t<\/div>\n\t\t\t\t<div class=\"elementor-column elementor-col-33 elementor-inner-column elementor-element elementor-element-e72e3af\" data-id=\"e72e3af\" data-element_type=\"column\" data-e-type=\"column\">\n\t\t\t<div class=\"elementor-widget-wrap elementor-element-populated\">\n\t\t\t\t\t\t<div class=\"elementor-element elementor-element-81d9f48 elementor-align-center elementor-widget elementor-widget-button\" data-id=\"81d9f48\" data-element_type=\"widget\" data-e-type=\"widget\" data-widget_type=\"button.default\">\n\t\t\t\t<div class=\"elementor-widget-container\">\n\t\t\t\t\t\t\t\t\t<div class=\"elementor-button-wrapper\">\n\t\t\t\t\t<a class=\"elementor-button elementor-button-link elementor-size-sm elementor-animation-grow\" href=\"http:\/\/mateinsa.com\/en\/blog-mateinsa\/\">\n\t\t\t\t\t\t<span class=\"elementor-button-content-wrapper\">\n\t\t\t\t\t\t\t\t\t<span class=\"elementor-button-text\">EL BLOG DE MATEINSA<\/span>\n\t\t\t\t\t<\/span>\n\t\t\t\t\t<\/a>\n\t\t\t\t<\/div>\n\t\t\t\t\t\t\t\t<\/div>\n\t\t\t\t<\/div>\n\t\t\t\t\t<\/div>\n\t\t<\/div>\n\t\t\t\t\t<\/div>\n\t\t<\/section>\n\t\t\t\t\t<\/div>\n\t\t<\/div>\n\t\t\t\t\t<\/div>\n\t\t<\/section>\n\t\t\t\t<section class=\"elementor-section elementor-top-section elementor-element elementor-element-76cc54b elementor-hidden-desktop elementor-hidden-mobile elementor-section-boxed elementor-section-height-default elementor-section-height-default\" data-id=\"76cc54b\" data-element_type=\"section\" data-e-type=\"section\" data-settings=\"{&quot;background_background&quot;:&quot;classic&quot;}\">\n\t\t\t\t\t\t<div class=\"elementor-container elementor-column-gap-default\">\n\t\t\t\t\t<div class=\"elementor-column elementor-col-100 elementor-top-column elementor-element elementor-element-f29ea82\" data-id=\"f29ea82\" data-element_type=\"column\" data-e-type=\"column\">\n\t\t\t<div class=\"elementor-widget-wrap elementor-element-populated\">\n\t\t\t\t\t\t<div class=\"elementor-element elementor-element-998f3c3 elementor-widget elementor-widget-heading\" data-id=\"998f3c3\" data-element_type=\"widget\" data-e-type=\"widget\" data-settings=\"{&quot;_animation&quot;:&quot;none&quot;}\" data-widget_type=\"heading.default\">\n\t\t\t\t<div class=\"elementor-widget-container\">\n\t\t\t\t\t<h1 class=\"elementor-heading-title elementor-size-default\">La historia de Mateinsa<\/h1>\t\t\t\t<\/div>\n\t\t\t\t<\/div>\n\t\t\t\t<div class=\"elementor-element elementor-element-e9283b5 elementor-widget elementor-widget-text-editor\" data-id=\"e9283b5\" data-element_type=\"widget\" data-e-type=\"widget\" data-widget_type=\"text-editor.default\">\n\t\t\t\t<div class=\"elementor-widget-container\">\n\t\t\t\t\t\t\t\t\t<p>Desde nuestro inicio en 1991, nuestra empresa ha sido una fuerza importante en el mundo de la automatizaci\u00f3n y la electr\u00f3nica industrial de Sevilla. A nuestras espaldas tenemos una historia de trabajo y constancia, marcada por la innovaci\u00f3n, la excelencia y el compromiso con nuestros clientes.<\/p>\n<p>Nuestra empresa se propuso desde el principio desafiar los l\u00edmites de lo posible y brindar soluciones pr\u00e1cticas y fiables a nuestros clientes. Por nuestra actividad, estamos en la vanguardia de las nuevas tecnolog\u00edas en procesos de automatizaci\u00f3n.&nbsp;<\/p>\n<p>A lo largo de los a\u00f1os, con nuestra experiencia y trabajando con grandes profesionales hemos conseguido ofrecer productos y soluciones que satisfacen plenamente los requerimientos de la industria actual . Nuestro compromiso con la calidad y la satisfacci\u00f3n del cliente ha sido el motor que impulsa nuestro crecimiento y nos ha permitido establecer relaciones s\u00f3lidas y duraderas con nuestros clientes.<\/p>\n<p>Hoy en d\u00eda, nos enorgullece ser reconocidos ofrecemos una gran amplitud de marcas y productos que refleja nuestro compromiso continuo con la innovaci\u00f3n y la excelencia, y nuestra capacidad para adaptarnos a las necesidades cambiantes de la industria. Ya que tenemos claro el objetivo de Mateinsa de ser un punto de referencia en el sector y nos esforzamos en trabajar por ello y desarrollar nuestra actividad dentro de los m\u00e1ximos niveles de calidad.&nbsp;<\/p><p>Este esfuerzo se ve reconocido desde el 11 de Agosto del 2000 por la Certificaci\u00f3n del Sistema de Aseguramiento de la Calidad UNE EN ISO 90002\/94 otrogado por Burea Veritas.&nbsp;<\/p>\n<p>M\u00e1s all\u00e1 de nuestras soluciones tecnol\u00f3gicas, nos enorgullece ser la empresa de confianza de clientes en una amplia gama de sectores industriales, ayud\u00e1ndolas a optimizar sus operaciones, aumentar su productividad y mantenerse competitivas en un mercado globalizado y en constante evoluci\u00f3n. Y queremos dejar constancia de nuestro agradecimiento por al confianza depositada en nosotros, la cual nos permite seguir ofreciendo nuestros servicios y cumplir nuestros objetivos.&nbsp;<\/p>\n<p>Mateinsa siempre tiene una proyecci\u00f3n de futuro y estamos comprometidos a seguir liderando el camino impulsando la innovaci\u00f3n, la sostenibilidad y el progreso en cada paso. Listos para enfrentar los desaf\u00edos del ma\u00f1ana y seguir construyendo un futuro m\u00e1s brillante para todos.<\/p>\n<p>Gracias por ser parte de nuestra historia.<\/p>\t\t\t\t\t\t\t\t<\/div>\n\t\t\t\t<\/div>\n\t\t\t\t<section class=\"elementor-section elementor-inner-section elementor-element elementor-element-bb7049a elementor-section-boxed elementor-section-height-default elementor-section-height-default\" data-id=\"bb7049a\" data-element_type=\"section\" data-e-type=\"section\">\n\t\t\t\t\t\t<div class=\"elementor-container elementor-column-gap-default\">\n\t\t\t\t\t<div class=\"elementor-column elementor-col-33 elementor-inner-column elementor-element elementor-element-6108ef5\" data-id=\"6108ef5\" data-element_type=\"column\" data-e-type=\"column\">\n\t\t\t<div class=\"elementor-widget-wrap elementor-element-populated\">\n\t\t\t\t\t\t<div class=\"elementor-element elementor-element-c20eec3 elementor-align-center elementor-widget elementor-widget-button\" data-id=\"c20eec3\" data-element_type=\"widget\" data-e-type=\"widget\" data-widget_type=\"button.default\">\n\t\t\t\t<div class=\"elementor-widget-container\">\n\t\t\t\t\t\t\t\t\t<div class=\"elementor-button-wrapper\">\n\t\t\t\t\t<a class=\"elementor-button elementor-button-link elementor-size-sm elementor-animation-grow\" href=\"http:\/\/mateinsa.com\/en\/?page_id=25\">\n\t\t\t\t\t\t<span class=\"elementor-button-content-wrapper\">\n\t\t\t\t\t\t\t\t\t<span class=\"elementor-button-text\">CONOCE NUESTRAS MARCAS<\/span>\n\t\t\t\t\t<\/span>\n\t\t\t\t\t<\/a>\n\t\t\t\t<\/div>\n\t\t\t\t\t\t\t\t<\/div>\n\t\t\t\t<\/div>\n\t\t\t\t\t<\/div>\n\t\t<\/div>\n\t\t\t\t<div class=\"elementor-column elementor-col-33 elementor-inner-column elementor-element elementor-element-cc1f36d\" data-id=\"cc1f36d\" data-element_type=\"column\" data-e-type=\"column\">\n\t\t\t<div class=\"elementor-widget-wrap elementor-element-populated\">\n\t\t\t\t\t\t<div class=\"elementor-element elementor-element-dff8cda elementor-align-center elementor-widget elementor-widget-button\" data-id=\"dff8cda\" data-element_type=\"widget\" data-e-type=\"widget\" data-widget_type=\"button.default\">\n\t\t\t\t<div class=\"elementor-widget-container\">\n\t\t\t\t\t\t\t\t\t<div class=\"elementor-button-wrapper\">\n\t\t\t\t\t<a class=\"elementor-button elementor-button-link elementor-size-sm elementor-animation-grow\" href=\"http:\/\/mateinsa.com\/en\/?page_id=1859\">\n\t\t\t\t\t\t<span class=\"elementor-button-content-wrapper\">\n\t\t\t\t\t\t\t\t\t<span class=\"elementor-button-text\">FORMACI\u00d3NEN AUTOMATIZACI\u00d3N<\/span>\n\t\t\t\t\t<\/span>\n\t\t\t\t\t<\/a>\n\t\t\t\t<\/div>\n\t\t\t\t\t\t\t\t<\/div>\n\t\t\t\t<\/div>\n\t\t\t\t\t<\/div>\n\t\t<\/div>\n\t\t\t\t<div class=\"elementor-column elementor-col-33 elementor-inner-column elementor-element elementor-element-9740710\" data-id=\"9740710\" data-element_type=\"column\" data-e-type=\"column\">\n\t\t\t<div class=\"elementor-widget-wrap elementor-element-populated\">\n\t\t\t\t\t\t<div class=\"elementor-element elementor-element-b2a031f elementor-align-center elementor-widget elementor-widget-button\" data-id=\"b2a031f\" data-element_type=\"widget\" data-e-type=\"widget\" data-widget_type=\"button.default\">\n\t\t\t\t<div class=\"elementor-widget-container\">\n\t\t\t\t\t\t\t\t\t<div class=\"elementor-button-wrapper\">\n\t\t\t\t\t<a class=\"elementor-button elementor-button-link elementor-size-sm elementor-animation-grow\" href=\"http:\/\/mateinsa.com\/en\/blog-mateinsa\/\">\n\t\t\t\t\t\t<span class=\"elementor-button-content-wrapper\">\n\t\t\t\t\t\t\t\t\t<span class=\"elementor-button-text\">EL BLOG DE MATEINSA<\/span>\n\t\t\t\t\t<\/span>\n\t\t\t\t\t<\/a>\n\t\t\t\t<\/div>\n\t\t\t\t\t\t\t\t<\/div>\n\t\t\t\t<\/div>\n\t\t\t\t\t<\/div>\n\t\t<\/div>\n\t\t\t\t\t<\/div>\n\t\t<\/section>\n\t\t\t\t\t<\/div>\n\t\t<\/div>\n\t\t\t\t\t<\/div>\n\t\t<\/section>\n\t\t\t\t<section class=\"elementor-section elementor-top-section elementor-element elementor-element-b33b4f0 elementor-hidden-desktop elementor-hidden-tablet elementor-section-boxed elementor-section-height-default elementor-section-height-default\" data-id=\"b33b4f0\" data-element_type=\"section\" data-e-type=\"section\" data-settings=\"{&quot;background_background&quot;:&quot;classic&quot;}\">\n\t\t\t\t\t\t<div class=\"elementor-container elementor-column-gap-default\">\n\t\t\t\t\t<div class=\"elementor-column elementor-col-100 elementor-top-column elementor-element elementor-element-d56d0a5\" data-id=\"d56d0a5\" data-element_type=\"column\" data-e-type=\"column\">\n\t\t\t<div class=\"elementor-widget-wrap elementor-element-populated\">\n\t\t\t\t\t\t<div class=\"elementor-element elementor-element-be9dbdb elementor-widget elementor-widget-heading\" data-id=\"be9dbdb\" data-element_type=\"widget\" data-e-type=\"widget\" data-settings=\"{&quot;_animation&quot;:&quot;none&quot;}\" data-widget_type=\"heading.default\">\n\t\t\t\t<div class=\"elementor-widget-container\">\n\t\t\t\t\t<h1 class=\"elementor-heading-title elementor-size-default\">La historia de Mateinsa<\/h1>\t\t\t\t<\/div>\n\t\t\t\t<\/div>\n\t\t\t\t<div class=\"elementor-element elementor-element-efd9890 elementor-widget elementor-widget-text-editor\" data-id=\"efd9890\" data-element_type=\"widget\" data-e-type=\"widget\" data-widget_type=\"text-editor.default\">\n\t\t\t\t<div class=\"elementor-widget-container\">\n\t\t\t\t\t\t\t\t\t<p>Desde nuestro inicio en 1991, nuestra empresa ha sido una fuerza importante en el mundo de la automatizaci\u00f3n y la electr\u00f3nica industrial de Sevilla. A nuestras espaldas tenemos una historia de trabajo y constancia, marcada por la innovaci\u00f3n, la excelencia y el compromiso con nuestros clientes.<\/p>\n<p>Nuestra empresa se propuso desde el principio desafiar los l\u00edmites de lo posible y brindar soluciones pr\u00e1cticas y fiables a nuestros clientes. Por nuestra actividad, estamos en la vanguardia de las nuevas tecnolog\u00edas en procesos de automatizaci\u00f3n.&nbsp;<\/p>\n<p>A lo largo de los a\u00f1os, con nuestra experiencia y trabajando con grandes profesionales hemos conseguido ofrecer productos y soluciones que satisfacen plenamente los requerimientos de la industria actual . Nuestro compromiso con la calidad y la satisfacci\u00f3n del cliente ha sido el motor que impulsa nuestro crecimiento y nos ha permitido establecer relaciones s\u00f3lidas y duraderas con nuestros clientes.<\/p>\n<p>Hoy en d\u00eda, nos enorgullece ser reconocidos ofrecemos una gran amplitud de marcas y productos que refleja nuestro compromiso continuo con la innovaci\u00f3n y la excelencia, y nuestra capacidad para adaptarnos a las necesidades cambiantes de la industria. Ya que tenemos claro el objetivo de Mateinsa de ser un punto de referencia en el sector y nos esforzamos en trabajar por ello y desarrollar nuestra actividad dentro de los m\u00e1ximos niveles de calidad.&nbsp;<\/p><p>Este esfuerzo se ve reconocido desde el 11 de Agosto del 2000 por la Certificaci\u00f3n del Sistema de Aseguramiento de la Calidad UNE EN ISO 90002\/94 otrogado por Burea Veritas.&nbsp;<\/p>\n<p>M\u00e1s all\u00e1 de nuestras soluciones tecnol\u00f3gicas, nos enorgullece ser la empresa de confianza de clientes en una amplia gama de sectores industriales, ayud\u00e1ndolas a optimizar sus operaciones, aumentar su productividad y mantenerse competitivas en un mercado globalizado y en constante evoluci\u00f3n. Y queremos dejar constancia de nuestro agradecimiento por al confianza depositada en nosotros, la cual nos permite seguir ofreciendo nuestros servicios y cumplir nuestros objetivos.&nbsp;<\/p>\n<p>Mateinsa siempre tiene una proyecci\u00f3n de futuro y estamos comprometidos a seguir liderando el camino impulsando la innovaci\u00f3n, la sostenibilidad y el progreso en cada paso. Listos para enfrentar los desaf\u00edos del ma\u00f1ana y seguir construyendo un futuro m\u00e1s brillante para todos.<\/p>\n<p>Gracias por ser parte de nuestra historia.<\/p>\t\t\t\t\t\t\t\t<\/div>\n\t\t\t\t<\/div>\n\t\t\t\t<section class=\"elementor-section elementor-inner-section elementor-element elementor-element-b5d4e5c elementor-section-boxed elementor-section-height-default elementor-section-height-default\" data-id=\"b5d4e5c\" data-element_type=\"section\" data-e-type=\"section\">\n\t\t\t\t\t\t<div class=\"elementor-container elementor-column-gap-default\">\n\t\t\t\t\t<div class=\"elementor-column elementor-col-50 elementor-inner-column elementor-element elementor-element-c903d52\" data-id=\"c903d52\" data-element_type=\"column\" data-e-type=\"column\">\n\t\t\t<div class=\"elementor-widget-wrap elementor-element-populated\">\n\t\t\t\t\t\t<div class=\"elementor-element elementor-element-d405362 elementor-align-center elementor-widget elementor-widget-button\" data-id=\"d405362\" data-element_type=\"widget\" data-e-type=\"widget\" data-widget_type=\"button.default\">\n\t\t\t\t<div class=\"elementor-widget-container\">\n\t\t\t\t\t\t\t\t\t<div class=\"elementor-button-wrapper\">\n\t\t\t\t\t<a class=\"elementor-button elementor-button-link elementor-size-sm elementor-animation-grow\" href=\"http:\/\/mateinsa.com\/en\/blog-mateinsa\/\">\n\t\t\t\t\t\t<span class=\"elementor-button-content-wrapper\">\n\t\t\t\t\t\t\t\t\t<span class=\"elementor-button-text\">EL BLOG DE MATEINSA<\/span>\n\t\t\t\t\t<\/span>\n\t\t\t\t\t<\/a>\n\t\t\t\t<\/div>\n\t\t\t\t\t\t\t\t<\/div>\n\t\t\t\t<\/div>\n\t\t\t\t\t<\/div>\n\t\t<\/div>\n\t\t\t\t<div class=\"elementor-column elementor-col-50 elementor-inner-column elementor-element elementor-element-c50c61f\" data-id=\"c50c61f\" data-element_type=\"column\" data-e-type=\"column\">\n\t\t\t<div class=\"elementor-widget-wrap elementor-element-populated\">\n\t\t\t\t\t\t<div class=\"elementor-element elementor-element-3876748 elementor-align-center elementor-widget elementor-widget-button\" data-id=\"3876748\" data-element_type=\"widget\" data-e-type=\"widget\" data-widget_type=\"button.default\">\n\t\t\t\t<div class=\"elementor-widget-container\">\n\t\t\t\t\t\t\t\t\t<div class=\"elementor-button-wrapper\">\n\t\t\t\t\t<a class=\"elementor-button elementor-button-link elementor-size-sm elementor-animation-grow\" href=\"http:\/\/mateinsa.com\/en\/?page_id=25\">\n\t\t\t\t\t\t<span class=\"elementor-button-content-wrapper\">\n\t\t\t\t\t\t\t\t\t<span class=\"elementor-button-text\">CONOCE NUESTRAS MARCAS<\/span>\n\t\t\t\t\t<\/span>\n\t\t\t\t\t<\/a>\n\t\t\t\t<\/div>\n\t\t\t\t\t\t\t\t<\/div>\n\t\t\t\t<\/div>\n\t\t\t\t<div class=\"elementor-element elementor-element-03ebde0 elementor-align-center elementor-widget elementor-widget-button\" data-id=\"03ebde0\" data-element_type=\"widget\" data-e-type=\"widget\" data-widget_type=\"button.default\">\n\t\t\t\t<div class=\"elementor-widget-container\">\n\t\t\t\t\t\t\t\t\t<div class=\"elementor-button-wrapper\">\n\t\t\t\t\t<a class=\"elementor-button elementor-button-link elementor-size-sm elementor-animation-grow\" href=\"http:\/\/mateinsa.com\/en\/?page_id=1859\">\n\t\t\t\t\t\t<span class=\"elementor-button-content-wrapper\">\n\t\t\t\t\t\t\t\t\t<span class=\"elementor-button-text\">FORMACI\u00d3NEN AUTOMATIZACI\u00d3N<\/span>\n\t\t\t\t\t<\/span>\n\t\t\t\t\t<\/a>\n\t\t\t\t<\/div>\n\t\t\t\t\t\t\t\t<\/div>\n\t\t\t\t<\/div>\n\t\t\t\t\t<\/div>\n\t\t<\/div>\n\t\t\t\t\t<\/div>\n\t\t<\/section>\n\t\t\t\t\t<\/div>\n\t\t<\/div>\n\t\t\t\t\t<\/div>\n\t\t<\/section>\n\t\t\t\t<\/div>","protected":false},"excerpt":{"rendered":"<p>La historia de Mateinsa Desde nuestro inicio en 1991, nuestra empresa ha sido una fuerza importante en el mundo de la automatizaci\u00f3n y la electr\u00f3nica industrial de Sevilla. A nuestras espaldas tenemos una historia de trabajo y constancia, marcada por la innovaci\u00f3n, la excelencia y el compromiso con nuestros clientes. Nuestra empresa se propuso desde [&hellip;]<\/p>\n","protected":false},"author":1,"featured_media":0,"parent":0,"menu_order":0,"comment_status":"closed","ping_status":"closed","template":"elementor_header_footer","meta":{"footnotes":""},"class_list":["post-19","page","type-page","status-publish","hentry","post"],"_links":{"self":[{"href":"https:\/\/mateinsa.com\/en\/wp-json\/wp\/v2\/pages\/19","targetHints":{"allow":["GET"]}}],"collection":[{"href":"https:\/\/mateinsa.com\/en\/wp-json\/wp\/v2\/pages"}],"about":[{"href":"https:\/\/mateinsa.com\/en\/wp-json\/wp\/v2\/types\/page"}],"author":[{"embeddable":true,"href":"https:\/\/mateinsa.com\/en\/wp-json\/wp\/v2\/users\/1"}],"replies":[{"embeddable":true,"href":"https:\/\/mateinsa.com\/en\/wp-json\/wp\/v2\/comments?post=19"}],"version-history":[{"count":204,"href":"https:\/\/mateinsa.com\/en\/wp-json\/wp\/v2\/pages\/19\/revisions"}],"predecessor-version":[{"id":2745,"href":"https:\/\/mateinsa.com\/en\/wp-json\/wp\/v2\/pages\/19\/revisions\/2745"}],"wp:attachment":[{"href":"https:\/\/mateinsa.com\/en\/wp-json\/wp\/v2\/media?parent=19"}],"curies":[{"name":"wp","href":"https:\/\/api.w.org\/{rel}","templated":true}]}}